{"id":41,"date":"2022-07-14T18:13:15","date_gmt":"2022-07-14T18:13:15","guid":{"rendered":"https:\/\/goingforawalk.de\/?page_id=41"},"modified":"2022-07-14T19:28:31","modified_gmt":"2022-07-14T19:28:31","slug":"wer","status":"publish","type":"page","link":"https:\/\/goingforawalk.de\/?page_id=41","title":{"rendered":"Wer"},"content":{"rendered":"\n<p>Ich. Weiblich, ledig, (nicht mehr ganz so&#8230;) jung, daf\u00fcr umso furchtloser vor nassen F\u00fc\u00dfen, kalten Duschen, B\u00e4ren, M\u00e4usen und Schlangen, sowie komischen Ger\u00e4uschen (nachts. allein. im Zelt.), Leuten oder Wetterph\u00e4nomenen.<\/p>\n\n\n\n<p>Wer mich kennt, ist sicher nicht zuf\u00e4llig auf meiner Seite gelandet. Wer mich nicht kennt, muss verdammt lange verdammt doll gesucht haben&#8230; Ich habe keine Suchmaschinenoptimierung und kein Goggel-Sonstwas installiert. Nur diese Seite gebastelt (bzw. von wordpress &#8222;basteln lassen&#8220;, sprich frei heruntergeladen. Und zwar mal wieder nur f\u00fcr diese Reise und nur so lange, bis ich nach der Reise alle meine Texte in einsamen Wintern\u00e4chten mit Feder und Tinte in mein Tagebuch \u00fcbertragen habe. Yey! <\/p>\n\n\n\n<p>Fotos gibt\u00b4s w\u00e4hrend des Wanderns&#8230;<\/p>\n","protected":false},"excerpt":{"rendered":"<p>Ich. Weiblich, ledig, (nicht mehr ganz so&#8230;) jung, daf\u00fcr umso furchtloser vor nassen F\u00fc\u00dfen, kalten Duschen, B\u00e4ren, M\u00e4usen und Schlangen, sowie komischen Ger\u00e4uschen (nachts. allein. im Zelt.), Leuten oder Wetterph\u00e4nomenen. Wer mich kennt, ist sicher nicht zuf\u00e4llig auf meiner Seite gelandet. Wer mich nicht kennt, muss verdammt lange verdammt doll gesucht haben&#8230; Ich habe keine [&hellip;]<\/p>\n","protected":false},"author":1,"featured_media":0,"parent":0,"menu_order":0,"comment_status":"closed","ping_status":"closed","template":"","meta":{"footnotes":""},"class_list":["post-41","page","type-page","status-publish","hentry"],"_links":{"self":[{"href":"https:\/\/goingforawalk.de\/index.php?rest_route=\/wp\/v2\/pages\/41","targetHints":{"allow":["GET"]}}],"collection":[{"href":"https:\/\/goingforawalk.de\/index.php?rest_route=\/wp\/v2\/pages"}],"about":[{"href":"https:\/\/goingforawalk.de\/index.php?rest_route=\/wp\/v2\/types\/page"}],"author":[{"embeddable":true,"href":"https:\/\/goingforawalk.de\/index.php?rest_route=\/wp\/v2\/users\/1"}],"replies":[{"embeddable":true,"href":"https:\/\/goingforawalk.de\/index.php?rest_route=%2Fwp%2Fv2%2Fcomments&post=41"}],"version-history":[{"count":4,"href":"https:\/\/goingforawalk.de\/index.php?rest_route=\/wp\/v2\/pages\/41\/revisions"}],"predecessor-version":[{"id":68,"href":"https:\/\/goingforawalk.de\/index.php?rest_route=\/wp\/v2\/pages\/41\/revisions\/68"}],"wp:attachment":[{"href":"https:\/\/goingforawalk.de\/index.php?rest_route=%2Fwp%2Fv2%2Fmedia&parent=41"}],"curies":[{"name":"wp","href":"https:\/\/api.w.org\/{rel}","templated":true}]}}