{"id":35,"date":"2022-07-11T16:31:23","date_gmt":"2022-07-11T16:31:23","guid":{"rendered":"https:\/\/goingforawalk.de\/?page_id=35"},"modified":"2023-08-30T19:54:54","modified_gmt":"2023-08-30T19:54:54","slug":"was","status":"publish","type":"page","link":"https:\/\/goingforawalk.de\/?page_id=35","title":{"rendered":"Was"},"content":{"rendered":"\n<p>Wandern! <\/p>\n\n\n\n<p>Und zwar ultraleicht<\/p>\n\n\n\n<p>Naja, also zumindest ziemlich leicht<\/p>\n\n\n\n<p>Also \u00e4hm&#8230;, wenn man die Snacks mal au\u00dfenvor l\u00e4sst, komme ich auf ca. 5.500 g Gesamtgewicht des Rucksacks. Ich wiege aber nochmal nach, wenn ich gepackt habe \ud83d\ude09<\/p>\n\n\n\n<ul class=\"wp-block-list\">\n<li>in der Wildnis S\u00fcd-West-Australiens, von Perth nach S\u00fcden<\/li>\n\n\n\n<li>mit Zelt (und Sheltern!!! und ab und zu mal nem Hostel)\n\n\n<ul class=\"wp-block-list\">\n<li>und Isomatte und Schlafsack<\/li>\n<\/ul>\n\n\n\n<ul class=\"wp-block-list\">\n<li>und Mesh-House und Poncho-Tarp<\/li>\n<\/ul>\n<\/li>\n\n\n\n<li>mit Trailrunning-Schuhen <\/li>\n\n\n\n<li>und M\u00fcckenspray<\/li>\n\n\n\n<li>alleine <\/li>\n\n\n\n<li>in der Wildnis <\/li>\n\n\n\n<li>mit mehr als einer Unterhose (einfach, weil ichs kann!)<\/li>\n\n\n\n<li>diesmal wieder mit Kocher &#8211; falls ich es mir nicht anders \u00fcberlege<\/li>\n<\/ul>\n","protected":false},"excerpt":{"rendered":"<p>Wandern! Und zwar ultraleicht Naja, also zumindest ziemlich leicht Also \u00e4hm&#8230;, wenn man die Snacks mal au\u00dfenvor l\u00e4sst, komme ich auf ca. 5.500 g Gesamtgewicht des Rucksacks. Ich wiege aber nochmal nach, wenn ich gepackt habe \ud83d\ude09<\/p>\n","protected":false},"author":1,"featured_media":0,"parent":0,"menu_order":0,"comment_status":"closed","ping_status":"closed","template":"","meta":{"footnotes":""},"class_list":["post-35","page","type-page","status-publish","hentry"],"_links":{"self":[{"href":"https:\/\/goingforawalk.de\/index.php?rest_route=\/wp\/v2\/pages\/35","targetHints":{"allow":["GET"]}}],"collection":[{"href":"https:\/\/goingforawalk.de\/index.php?rest_route=\/wp\/v2\/pages"}],"about":[{"href":"https:\/\/goingforawalk.de\/index.php?rest_route=\/wp\/v2\/types\/page"}],"author":[{"embeddable":true,"href":"https:\/\/goingforawalk.de\/index.php?rest_route=\/wp\/v2\/users\/1"}],"replies":[{"embeddable":true,"href":"https:\/\/goingforawalk.de\/index.php?rest_route=%2Fwp%2Fv2%2Fcomments&post=35"}],"version-history":[{"count":6,"href":"https:\/\/goingforawalk.de\/index.php?rest_route=\/wp\/v2\/pages\/35\/revisions"}],"predecessor-version":[{"id":472,"href":"https:\/\/goingforawalk.de\/index.php?rest_route=\/wp\/v2\/pages\/35\/revisions\/472"}],"wp:attachment":[{"href":"https:\/\/goingforawalk.de\/index.php?rest_route=%2Fwp%2Fv2%2Fmedia&parent=35"}],"curies":[{"name":"wp","href":"https:\/\/api.w.org\/{rel}","templated":true}]}}