{"id":2,"date":"2022-06-14T17:01:24","date_gmt":"2022-06-14T17:01:24","guid":{"rendered":"https:\/\/goingforawalk.de\/?page_id=2"},"modified":"2023-08-30T19:52:44","modified_gmt":"2023-08-30T19:52:44","slug":"sample-page","status":"publish","type":"page","link":"https:\/\/goingforawalk.de\/?page_id=2","title":{"rendered":"Wo"},"content":{"rendered":"\n<p>Auf dem Bibbulmun Track! Ich laufe von Kalamunda in der N\u00e4he von Perth nach S\u00fcden und noch ein bisschen am Meer entlang! Das wird super.<\/p>\n\n\n\n<p>Angaben im Netz zufolge ist der Bibbulmun Track etwa 1.000 Kilometer lang und umfasst ca. 52 Etappen. Etwa alle 20 Kilometer gibt es ein Shelter mit Buschklo und Regenwassertank! Alle paar Tage kommt man in eine sogenannte Trail-Town, wo man DUSCHEN, W\u00e4sche waschen, einkaufen und in einem richtigen Bett schlafen kann, wenn man will.<\/p>\n\n\n\n<p>Der Track wurde nach dem Vorbild des Amerikanischen Appalachian Trails angelegt &#8211; meiner ersten gro\u00dfen Wander-Liebe, deswegen freu ich mich auch schon wie Sauauf mein neues Abenteuer   \ud83d\ude00   Die Wildnis hat mir letztes Jahr auf dem Alpe-Adria-Trail schon recht heftig gefehlt. \u00dcbrigens: Der Bibbulmun-Track gilt als vergleichsweise ungef\u00e4hrlich und absolut Anf\u00e4nger-geeignet!<\/p>\n\n\n\n<p>ALSO empfehle ich allen, die es nach drau\u00dfen zieht, dieses Jahr einfach mal bezahlten Extra-Urlaub zu nehmen! <\/p>\n\n\n\n<p>&#8230;und der Hamburger Herbst bietet sich unbedingt an, f\u00fcr eine Flucht in den australischen Fr\u00fchling ; )<\/p>\n","protected":false},"excerpt":{"rendered":"<p>Auf dem Bibbulmun Track! Ich laufe von Kalamunda in der N\u00e4he von Perth nach S\u00fcden und noch ein bisschen am Meer entlang! Das wird super. Angaben im Netz zufolge ist der Bibbulmun Track etwa 1.000 Kilometer lang und umfasst ca. 52 Etappen. Etwa alle 20 Kilometer gibt es ein Shelter mit Buschklo und Regenwassertank! Alle [&hellip;]<\/p>\n","protected":false},"author":1,"featured_media":0,"parent":0,"menu_order":0,"comment_status":"closed","ping_status":"open","template":"","meta":{"footnotes":""},"class_list":["post-2","page","type-page","status-publish","hentry"],"_links":{"self":[{"href":"https:\/\/goingforawalk.de\/index.php?rest_route=\/wp\/v2\/pages\/2","targetHints":{"allow":["GET"]}}],"collection":[{"href":"https:\/\/goingforawalk.de\/index.php?rest_route=\/wp\/v2\/pages"}],"about":[{"href":"https:\/\/goingforawalk.de\/index.php?rest_route=\/wp\/v2\/types\/page"}],"author":[{"embeddable":true,"href":"https:\/\/goingforawalk.de\/index.php?rest_route=\/wp\/v2\/users\/1"}],"replies":[{"embeddable":true,"href":"https:\/\/goingforawalk.de\/index.php?rest_route=%2Fwp%2Fv2%2Fcomments&post=2"}],"version-history":[{"count":5,"href":"https:\/\/goingforawalk.de\/index.php?rest_route=\/wp\/v2\/pages\/2\/revisions"}],"predecessor-version":[{"id":470,"href":"https:\/\/goingforawalk.de\/index.php?rest_route=\/wp\/v2\/pages\/2\/revisions\/470"}],"wp:attachment":[{"href":"https:\/\/goingforawalk.de\/index.php?rest_route=%2Fwp%2Fv2%2Fmedia&parent=2"}],"curies":[{"name":"wp","href":"https:\/\/api.w.org\/{rel}","templated":true}]}}